

{"id":20615,"date":"2023-08-03T15:46:40","date_gmt":"2023-08-03T13:46:40","guid":{"rendered":"https:\/\/www.iriss.cnr.it\/publications\/collana-studi-e-ricerche-per-linnovazione\/digitalizzazione-e-accessibilita-in-rete-dei-materiali-culturali-opportunita-e-sfide\/"},"modified":"2025-04-29T00:30:28","modified_gmt":"2025-04-28T22:30:28","slug":"digitalizzazione-e-accessibilita-in-rete-dei-materiali-culturali-opportunita-e-sfide","status":"publish","type":"page","link":"https:\/\/www.iriss.cnr.it\/en\/publications\/collana-studi-e-ricerche-per-linnovazione\/digitalizzazione-e-accessibilita-in-rete-dei-materiali-culturali-opportunita-e-sfide\/","title":{"rendered":"Digitalizzazione e accessibilit\u00e0 in rete dei materiali culturali: opportunit\u00e0 e sfide"},"content":{"rendered":"<h3>Digitalizzazione e accessibilit\u00e0 in rete dei materiali culturali: opportunit\u00e0 e sfide<\/h3>\n<h4>Percorsi evolutivi in atto nell&#8217;ordinamento giuridico internazionale<\/h4>\n<p><em>Valentina Rossi<\/em><\/p>\n<p>Lo sviluppo e la diffusione delle nuove tecnologie dell\u2019informazione e comunicazione (ICT) sta producendo cambiamenti profondi negli strumenti e nelle modalit\u00e0 di conservazione, valorizzazione e fruizione del patrimonio culturale e, dunque, nelle politiche e normative adottate in materia, ai diversi livelli di governo. Le recenti politiche e normative adottate a livello globale (UNESCO, ICESCR, &#8230;) ed europeo (UE, CoE, &#8230;) evidenziano il ruolo fondamentale della digitalizzazione e della messa in rete dei materiali culturali. L\u2019accessibilit\u00e0 in rete dei materiali culturali permette ai cittadini di fruirne a fini di svago, studio e lavoro e consente alle istituzioni culturali di continuare a svolgere la loro missione, ossia l\u2019accesso e la conservazione del patrimonio culturale in un ambiente digitale. I materiali digitalizzati, inoltre, possono essere riutilizzati a fini commerciali, per usi quali lo sviluppo di contenuti educativi e istruttivi, applicazioni turistiche, giochi, etc.; ancora, essi possono favorire il riconoscimento della dimensione sociale del patrimonio culturale e l\u2019attuazione di un modello di governance partecipata. L\u2019uso di strumenti e processi di gestione innovativi solleva, tuttavia, complesse questioni giuridiche che mettono alla prova la capacit\u00e0 dei sistemi di regolamentazione esistenti. Il volume approfondisce alcune di queste questioni, nella prospettiva di realizzare un bilanciamento tra tutti gli interessi in gioco (diritti d\u2019autore, godimento dei diritti culturali, riutilizzo dell\u2019informazione del settore pubblico).<\/p>\n<p><a class=\"btn btn-primary btn-block\" title=\"Download Digitalizzazione e accessibilit\u00e0 in rete dei materiali culturali: opportunit\u00e0 e sfide\" href=\"https:\/\/www.iriss.cnr.it\/wp-content\/uploads\/2023\/08\/Digitalizzazione-e-accessibilita-in-rete-dei-materiali-culturali-opportunita-e-sfide-cnr-edizioni.pdf\" target=\"_blank\" rel=\"noopener\">Download Digitalizzazione e accessibilit\u00e0 in rete dei materiali culturali: opportunit\u00e0 e sfide<\/a><\/p>\n","protected":false},"excerpt":{"rendered":"<p>Digitalizzazione e accessibilit\u00e0 in rete dei materiali culturali: opportunit\u00e0 e sfide Percorsi evolutivi in atto nell&#8217;ordinamento giuridico internazionale Valentina Rossi Lo sviluppo e la diffusione delle nuove tecnologie dell\u2019informazione e comunicazione (ICT) sta producendo cambiamenti profondi negli strumenti e nelle modalit\u00e0 di conservazione, valorizzazione e fruizione del patrimonio culturale e, dunque, nelle politiche e normative [&hellip;]<\/p>\n","protected":false},"author":1,"featured_media":0,"parent":19832,"menu_order":5,"comment_status":"closed","ping_status":"closed","template":"","meta":{"_acf_changed":false,"wp_social_preview_title":"","wp_social_preview_description":"","wp_social_preview_image":0,"footnotes":""},"class_list":["post-20615","page","type-page","status-publish","hentry"],"acf":[],"publishpress_future_action":{"enabled":false,"date":"2026-04-16 17:02:26","action":"change-status","newStatus":"draft","terms":[],"taxonomy":"translation_priority","extraData":[]},"publishpress_future_workflow_manual_trigger":{"enabledWorkflows":[]},"_links":{"self":[{"href":"https:\/\/www.iriss.cnr.it\/en\/wp-json\/wp\/v2\/pages\/20615","targetHints":{"allow":["GET"]}}],"collection":[{"href":"https:\/\/www.iriss.cnr.it\/en\/wp-json\/wp\/v2\/pages"}],"about":[{"href":"https:\/\/www.iriss.cnr.it\/en\/wp-json\/wp\/v2\/types\/page"}],"author":[{"embeddable":true,"href":"https:\/\/www.iriss.cnr.it\/en\/wp-json\/wp\/v2\/users\/1"}],"replies":[{"embeddable":true,"href":"https:\/\/www.iriss.cnr.it\/en\/wp-json\/wp\/v2\/comments?post=20615"}],"version-history":[{"count":1,"href":"https:\/\/www.iriss.cnr.it\/en\/wp-json\/wp\/v2\/pages\/20615\/revisions"}],"predecessor-version":[{"id":20620,"href":"https:\/\/www.iriss.cnr.it\/en\/wp-json\/wp\/v2\/pages\/20615\/revisions\/20620"}],"up":[{"embeddable":true,"href":"https:\/\/www.iriss.cnr.it\/en\/wp-json\/wp\/v2\/pages\/19832"}],"wp:attachment":[{"href":"https:\/\/www.iriss.cnr.it\/en\/wp-json\/wp\/v2\/media?parent=20615"}],"curies":[{"name":"wp","href":"https:\/\/api.w.org\/{rel}","templated":true}]}}